{"id":35,"date":"2017-06-14T16:23:14","date_gmt":"2017-06-14T16:23:14","guid":{"rendered":"http:\/\/heltech.pl\/?page_id=35"},"modified":"2025-06-27T22:04:47","modified_gmt":"2025-06-27T22:04:47","slug":"kontakt","status":"publish","type":"page","link":"http:\/\/heltech.pl\/?page_id=35","title":{"rendered":"Kontakt"},"content":{"rendered":"<h4><span style=\"color: #000000;\"><strong>Heltech<\/strong><\/span><\/h4>\n<h4><span style=\"color: #000000;\"><strong>e-mail:info@heltech.pl<\/strong><\/span><\/h4>\n<h4><span style=\"color: #000000;\"><strong>Tel: 603510766<\/strong><\/span><\/h4>\n<h4><span style=\"color: #000000;\"><strong>NIP:8881834777<\/strong><\/span><\/h4>\n<h4><span style=\"color: #000000;\"><strong>REGON:910290746<\/strong><\/span><\/h4>\n<pre class=\"ti-widget\" style=\"display: none\"><template id=\"trustindex-google-widget-html\"><div class=\" ti-widget  ti-goog ti-disable-font ti-show-rating-text ti-review-text-mode-readmore ti-text-align-left\" data-no-translation=\"true\" data-layout-id=\"17\" data-layout-category=\"floating\" data-set-id=\"light-background\" data-pid=\"\" data-language=\"pl\" data-close-locale=\"Zamkn\u0105\u0107\" data-css-version=\"2\" data-review-text-mode=\"readmore\" data-reply-by-locale=\"Odpowied\u017a w\u0142a\u015bciciela\" data-pager-autoplay-timeout=\"6\" > <div class=\"ti-widget-container ti-col-1\"> <div class=\"ti-reviews-container\"> <div class=\"ti-reviews-container-wrapper\">  <div data-empty=\"0\" class=\"ti-review-item source-Google ti-image-layout-thumbnail\" data-id=\"cfcd208495d565ef66e7dff9f98764da\" > <div class=\"ti-close-button\" aria-label=\"Zamkn\u0105\u0107\" role=\"button\"><\/div> <div class=\"ti-inner\"> <div class=\"col-left\"> <div class=\"ti-review-header\"> <div class=\"ti-profile-img\"> <trustindex-image data-imgurl=\"https:\/\/lh3.googleusercontent.com\/a\/ALm5wu33X8OlgVXxV1wN3-0YNmrrA0B9DPjJo529VcRl=w40-h40-c-c-rp-w40-h40-mo-br100\" data-imgurlset=\"https:\/\/lh3.googleusercontent.com\/a\/ALm5wu33X8OlgVXxV1wN3-0YNmrrA0B9DPjJo529VcRl=w80-h80-c-c-rp-w80-h80-mo-br100 2x\" alt=\"Krzysztof CHOLEWI\u0143SKI profile picture\" loading=\"lazy\" ><\/trustindex-image> <\/div> <\/div> <\/div> <div class=\"col-right\"> <span class=\"ti-stars\"> <div class=\"ti-platform-icon ti-with-tooltip\"> <span class=\"ti-tooltip\">Opublikowano na <\/span> <trustindex-image data-imgurl=\"https:\/\/cdn.trustindex.io\/assets\/platform\/Google\/icon.svg\" alt=\"\" width=\"20\" height=\"20\" loading=\"lazy\" ><\/trustindex-image> <\/div> <trustindex-image class=\"ti-star\" data-imgurl=\"https:\/\/cdn.trustindex.io\/assets\/platform\/Google\/star\/f.svg\" alt=\"Google\" width=\"17\" height=\"17\" loading=\"lazy\" ><\/trustindex-image><trustindex-image class=\"ti-star\" data-imgurl=\"https:\/\/cdn.trustindex.io\/assets\/platform\/Google\/star\/f.svg\" alt=\"Google\" width=\"17\" height=\"17\" loading=\"lazy\" ><\/trustindex-image><trustindex-image class=\"ti-star\" data-imgurl=\"https:\/\/cdn.trustindex.io\/assets\/platform\/Google\/star\/f.svg\" alt=\"Google\" width=\"17\" height=\"17\" loading=\"lazy\" ><\/trustindex-image><trustindex-image class=\"ti-star\" data-imgurl=\"https:\/\/cdn.trustindex.io\/assets\/platform\/Google\/star\/f.svg\" alt=\"Google\" width=\"17\" height=\"17\" loading=\"lazy\" ><\/trustindex-image><trustindex-image class=\"ti-star\" data-imgurl=\"https:\/\/cdn.trustindex.io\/assets\/platform\/Google\/star\/f.svg\" alt=\"Google\" width=\"17\" height=\"17\" loading=\"lazy\" ><\/trustindex-image> <\/span> <div class=\"ti-review-text-container ti-review-text\"><!-- R-CONTENT -->Pan Piotr super go\u015b\u0107 , na jego us\u0142ugach nie mo\u017cna si\u0119 zwie\u015b\u0107 , doradztwo oraz robota na wysokim poziomie. Gor\u0105co polecam . \ud83d\udc4c\ud83d\udc4c\ud83d\udc4c<!-- R-CONTENT --><\/div> <div class=\"ti-profile-details\"> <div class=\"ti-name\"> Krzysztof CHOLEWI\u0143SKI <\/div> <div class=\"ti-date\">23. Marzec, 2022.<\/div> <\/div> <\/div> <\/div> <\/div>  <div data-empty=\"0\" class=\"ti-review-item source-Google ti-image-layout-thumbnail\" data-id=\"cfcd208495d565ef66e7dff9f98764da\" > <div class=\"ti-close-button\" aria-label=\"Zamkn\u0105\u0107\" role=\"button\"><\/div> <div class=\"ti-inner\"> <div class=\"col-left\"> <div class=\"ti-review-header\"> <div class=\"ti-profile-img\"> <trustindex-image data-imgurl=\"https:\/\/lh3.googleusercontent.com\/a\/ALm5wu1bV8Rh7WmrRUUz35IoDbe9qgaM8OJdohKmcWJ3=w40-h40-c-c-rp-w40-h40-mo-br100\" data-imgurlset=\"https:\/\/lh3.googleusercontent.com\/a\/ALm5wu1bV8Rh7WmrRUUz35IoDbe9qgaM8OJdohKmcWJ3=w80-h80-c-c-rp-w80-h80-mo-br100 2x\" alt=\"Monika Spiegowska profile picture\" loading=\"lazy\" ><\/trustindex-image> <\/div> <\/div> <\/div> <div class=\"col-right\"> <span class=\"ti-stars\"> <div class=\"ti-platform-icon ti-with-tooltip\"> <span class=\"ti-tooltip\">Opublikowano na <\/span> <trustindex-image data-imgurl=\"https:\/\/cdn.trustindex.io\/assets\/platform\/Google\/icon.svg\" alt=\"\" width=\"20\" height=\"20\" loading=\"lazy\" ><\/trustindex-image> <\/div> <trustindex-image class=\"ti-star\" data-imgurl=\"https:\/\/cdn.trustindex.io\/assets\/platform\/Google\/star\/f.svg\" alt=\"Google\" width=\"17\" height=\"17\" loading=\"lazy\" ><\/trustindex-image><trustindex-image class=\"ti-star\" data-imgurl=\"https:\/\/cdn.trustindex.io\/assets\/platform\/Google\/star\/f.svg\" alt=\"Google\" width=\"17\" height=\"17\" loading=\"lazy\" ><\/trustindex-image><trustindex-image class=\"ti-star\" data-imgurl=\"https:\/\/cdn.trustindex.io\/assets\/platform\/Google\/star\/f.svg\" alt=\"Google\" width=\"17\" height=\"17\" loading=\"lazy\" ><\/trustindex-image><trustindex-image class=\"ti-star\" data-imgurl=\"https:\/\/cdn.trustindex.io\/assets\/platform\/Google\/star\/f.svg\" alt=\"Google\" width=\"17\" height=\"17\" loading=\"lazy\" ><\/trustindex-image><trustindex-image class=\"ti-star\" data-imgurl=\"https:\/\/cdn.trustindex.io\/assets\/platform\/Google\/star\/f.svg\" alt=\"Google\" width=\"17\" height=\"17\" loading=\"lazy\" ><\/trustindex-image> <\/span> <div class=\"ti-review-text-container ti-review-text\"><!-- R-CONTENT -->Korzystamy z us\u0142ug Piotra ju\u017c d\u0142u\u017cszy czas. Bardzo dobry fachowiec. Zak\u0142ada\u0142 u nas alarm i kamery. Gor\u0105co polecam. \ud83d\ude0a\ud83d\ude0a\ud83d\ude0a<!-- R-CONTENT --><\/div> <div class=\"ti-profile-details\"> <div class=\"ti-name\"> Monika Spiegowska <\/div> <div class=\"ti-date\">2. Pa\u017adziernik, 2021.<\/div> <\/div> <\/div> <\/div> <\/div>  <div data-empty=\"0\" class=\"ti-review-item source-Google ti-image-layout-thumbnail\" data-id=\"cfcd208495d565ef66e7dff9f98764da\" > <div class=\"ti-close-button\" aria-label=\"Zamkn\u0105\u0107\" role=\"button\"><\/div> <div class=\"ti-inner\"> <div class=\"col-left\"> <div class=\"ti-review-header\"> <div class=\"ti-profile-img\"> <trustindex-image data-imgurl=\"https:\/\/lh3.googleusercontent.com\/a\/ALm5wu33B8Qr-A6OLM22Vr47kN_scN8kIdrlZfriBkyL=w40-h40-c-c-rp-w40-h40-mo-br100\" data-imgurlset=\"https:\/\/lh3.googleusercontent.com\/a\/ALm5wu33B8Qr-A6OLM22Vr47kN_scN8kIdrlZfriBkyL=w80-h80-c-c-rp-w80-h80-mo-br100 2x\" alt=\"Joanna Bienczak profile picture\" loading=\"lazy\" ><\/trustindex-image> <\/div> <\/div> <\/div> <div class=\"col-right\"> <span class=\"ti-stars\"> <div class=\"ti-platform-icon ti-with-tooltip\"> <span class=\"ti-tooltip\">Opublikowano na <\/span> <trustindex-image data-imgurl=\"https:\/\/cdn.trustindex.io\/assets\/platform\/Google\/icon.svg\" alt=\"\" width=\"20\" height=\"20\" loading=\"lazy\" ><\/trustindex-image> <\/div> <trustindex-image class=\"ti-star\" data-imgurl=\"https:\/\/cdn.trustindex.io\/assets\/platform\/Google\/star\/f.svg\" alt=\"Google\" width=\"17\" height=\"17\" loading=\"lazy\" ><\/trustindex-image><trustindex-image class=\"ti-star\" data-imgurl=\"https:\/\/cdn.trustindex.io\/assets\/platform\/Google\/star\/f.svg\" alt=\"Google\" width=\"17\" height=\"17\" loading=\"lazy\" ><\/trustindex-image><trustindex-image class=\"ti-star\" data-imgurl=\"https:\/\/cdn.trustindex.io\/assets\/platform\/Google\/star\/f.svg\" alt=\"Google\" width=\"17\" height=\"17\" loading=\"lazy\" ><\/trustindex-image><trustindex-image class=\"ti-star\" data-imgurl=\"https:\/\/cdn.trustindex.io\/assets\/platform\/Google\/star\/f.svg\" alt=\"Google\" width=\"17\" height=\"17\" loading=\"lazy\" ><\/trustindex-image><trustindex-image class=\"ti-star\" data-imgurl=\"https:\/\/cdn.trustindex.io\/assets\/platform\/Google\/star\/f.svg\" alt=\"Google\" width=\"17\" height=\"17\" loading=\"lazy\" ><\/trustindex-image> <\/span> <div class=\"ti-review-text-container ti-review-text\"><!-- R-CONTENT -->Pan Piotr super fachowiec Profesjonalista polecam wszystkim, \u015bwietnie doradza jak rozplanowa\u0107 kamery  , szybki monta\u017c i dobre ceny . Dzi\u0119kuj\u0119 panie Piotrze<!-- R-CONTENT --><\/div> <div class=\"ti-profile-details\"> <div class=\"ti-name\"> Joanna Bienczak <\/div> <div class=\"ti-date\">30. Wrzesie\u0144, 2021.<\/div> <\/div> <\/div> <\/div> <\/div>  <div data-empty=\"0\" class=\"ti-review-item source-Google ti-image-layout-thumbnail\" data-id=\"cfcd208495d565ef66e7dff9f98764da\" > <div class=\"ti-close-button\" aria-label=\"Zamkn\u0105\u0107\" role=\"button\"><\/div> <div class=\"ti-inner\"> <div class=\"col-left\"> <div class=\"ti-review-header\"> <div class=\"ti-profile-img\"> <trustindex-image data-imgurl=\"https:\/\/lh3.googleusercontent.com\/a-\/ACNPEu-Y9VfFe59DCK8xLSZXajf_JvNIOtfoejXTVxGn3A=w40-h40-c-c-rp-w40-h40-mo-br100\" data-imgurlset=\"https:\/\/lh3.googleusercontent.com\/a-\/ACNPEu-Y9VfFe59DCK8xLSZXajf_JvNIOtfoejXTVxGn3A=w80-h80-c-c-rp-w80-h80-mo-br100 2x\" alt=\"Kamil Jankowski profile picture\" loading=\"lazy\" ><\/trustindex-image> <\/div> <\/div> <\/div> <div class=\"col-right\"> <span class=\"ti-stars\"> <div class=\"ti-platform-icon ti-with-tooltip\"> <span class=\"ti-tooltip\">Opublikowano na <\/span> <trustindex-image data-imgurl=\"https:\/\/cdn.trustindex.io\/assets\/platform\/Google\/icon.svg\" alt=\"\" width=\"20\" height=\"20\" loading=\"lazy\" ><\/trustindex-image> <\/div> <trustindex-image class=\"ti-star\" data-imgurl=\"https:\/\/cdn.trustindex.io\/assets\/platform\/Google\/star\/f.svg\" alt=\"Google\" width=\"17\" height=\"17\" loading=\"lazy\" ><\/trustindex-image><trustindex-image class=\"ti-star\" data-imgurl=\"https:\/\/cdn.trustindex.io\/assets\/platform\/Google\/star\/f.svg\" alt=\"Google\" width=\"17\" height=\"17\" loading=\"lazy\" ><\/trustindex-image><trustindex-image class=\"ti-star\" data-imgurl=\"https:\/\/cdn.trustindex.io\/assets\/platform\/Google\/star\/f.svg\" alt=\"Google\" width=\"17\" height=\"17\" loading=\"lazy\" ><\/trustindex-image><trustindex-image class=\"ti-star\" data-imgurl=\"https:\/\/cdn.trustindex.io\/assets\/platform\/Google\/star\/f.svg\" alt=\"Google\" width=\"17\" height=\"17\" loading=\"lazy\" ><\/trustindex-image><trustindex-image class=\"ti-star\" data-imgurl=\"https:\/\/cdn.trustindex.io\/assets\/platform\/Google\/star\/f.svg\" alt=\"Google\" width=\"17\" height=\"17\" loading=\"lazy\" ><\/trustindex-image> <\/span> <div class=\"ti-review-text-container ti-review-text\"><!-- R-CONTENT -->mia\u0142em do naprawy uk\u0142ad graficzny w laptopie oraz dysku twardego, uk\u0142ad naprawiony dysk wymieniony, pe\u0142na profeska. gor\u0105co polecam<!-- R-CONTENT --><\/div> <div class=\"ti-profile-details\"> <div class=\"ti-name\"> Kamil Jankowski <\/div> <div class=\"ti-date\">9. Wrzesie\u0144, 2021.<\/div> <\/div> <\/div> <\/div> <\/div>  <div data-empty=\"0\" class=\"ti-review-item source-Google ti-image-layout-thumbnail\" data-id=\"cfcd208495d565ef66e7dff9f98764da\" > <div class=\"ti-close-button\" aria-label=\"Zamkn\u0105\u0107\" role=\"button\"><\/div> <div class=\"ti-inner\"> <div class=\"col-left\"> <div class=\"ti-review-header\"> <div class=\"ti-profile-img\"> <trustindex-image data-imgurl=\"https:\/\/lh3.googleusercontent.com\/a\/ALm5wu1bdaOKZ9qQeFx2mYd18D8MnJA-4d3Bkawcpgb0=w40-h40-c-c-rp-w40-h40-mo-br100\" data-imgurlset=\"https:\/\/lh3.googleusercontent.com\/a\/ALm5wu1bdaOKZ9qQeFx2mYd18D8MnJA-4d3Bkawcpgb0=w80-h80-c-c-rp-w80-h80-mo-br100 2x\" alt=\"Kuba Greg profile picture\" loading=\"lazy\" ><\/trustindex-image> <\/div> <\/div> <\/div> <div class=\"col-right\"> <span class=\"ti-stars\"> <div class=\"ti-platform-icon ti-with-tooltip\"> <span class=\"ti-tooltip\">Opublikowano na <\/span> <trustindex-image data-imgurl=\"https:\/\/cdn.trustindex.io\/assets\/platform\/Google\/icon.svg\" alt=\"\" width=\"20\" height=\"20\" loading=\"lazy\" ><\/trustindex-image> <\/div> <trustindex-image class=\"ti-star\" data-imgurl=\"https:\/\/cdn.trustindex.io\/assets\/platform\/Google\/star\/f.svg\" alt=\"Google\" width=\"17\" height=\"17\" loading=\"lazy\" ><\/trustindex-image><trustindex-image class=\"ti-star\" data-imgurl=\"https:\/\/cdn.trustindex.io\/assets\/platform\/Google\/star\/f.svg\" alt=\"Google\" width=\"17\" height=\"17\" loading=\"lazy\" ><\/trustindex-image><trustindex-image class=\"ti-star\" data-imgurl=\"https:\/\/cdn.trustindex.io\/assets\/platform\/Google\/star\/f.svg\" alt=\"Google\" width=\"17\" height=\"17\" loading=\"lazy\" ><\/trustindex-image><trustindex-image class=\"ti-star\" data-imgurl=\"https:\/\/cdn.trustindex.io\/assets\/platform\/Google\/star\/f.svg\" alt=\"Google\" width=\"17\" height=\"17\" loading=\"lazy\" ><\/trustindex-image><trustindex-image class=\"ti-star\" data-imgurl=\"https:\/\/cdn.trustindex.io\/assets\/platform\/Google\/star\/f.svg\" alt=\"Google\" width=\"17\" height=\"17\" loading=\"lazy\" ><\/trustindex-image> <\/span> <div class=\"ti-review-text-container ti-review-text\"><!-- R-CONTENT -->Fachowe doradztwo, perfekcyjne wykonanie, przyst\u0119pna cena. Polecam !!!<!-- R-CONTENT --><\/div> <div class=\"ti-profile-details\"> <div class=\"ti-name\"> Kuba Greg <\/div> <div class=\"ti-date\">9. Wrzesie\u0144, 2021.<\/div> <\/div> <\/div> <\/div> <\/div>  <div data-empty=\"0\" class=\"ti-review-item source-Google ti-image-layout-thumbnail\" data-id=\"cfcd208495d565ef66e7dff9f98764da\" > <div class=\"ti-close-button\" aria-label=\"Zamkn\u0105\u0107\" role=\"button\"><\/div> <div class=\"ti-inner\"> <div class=\"col-left\"> <div class=\"ti-review-header\"> <div class=\"ti-profile-img\"> <trustindex-image data-imgurl=\"https:\/\/lh3.googleusercontent.com\/a-\/ACNPEu_nPE0EF1Hf_AHbcKOL7UoLuoyaz5ICcRjNWvuvGF8=w40-h40-c-c-rp-w40-h40-mo-br100\" data-imgurlset=\"https:\/\/lh3.googleusercontent.com\/a-\/ACNPEu_nPE0EF1Hf_AHbcKOL7UoLuoyaz5ICcRjNWvuvGF8=w80-h80-c-c-rp-w80-h80-mo-br100 2x\" alt=\"Thomas Timberman profile picture\" loading=\"lazy\" ><\/trustindex-image> <\/div> <\/div> <\/div> <div class=\"col-right\"> <span class=\"ti-stars\"> <div class=\"ti-platform-icon ti-with-tooltip\"> <span class=\"ti-tooltip\">Opublikowano na <\/span> <trustindex-image data-imgurl=\"https:\/\/cdn.trustindex.io\/assets\/platform\/Google\/icon.svg\" alt=\"\" width=\"20\" height=\"20\" loading=\"lazy\" ><\/trustindex-image> <\/div> <trustindex-image class=\"ti-star\" data-imgurl=\"https:\/\/cdn.trustindex.io\/assets\/platform\/Google\/star\/f.svg\" alt=\"Google\" width=\"17\" height=\"17\" loading=\"lazy\" ><\/trustindex-image><trustindex-image class=\"ti-star\" data-imgurl=\"https:\/\/cdn.trustindex.io\/assets\/platform\/Google\/star\/f.svg\" alt=\"Google\" width=\"17\" height=\"17\" loading=\"lazy\" ><\/trustindex-image><trustindex-image class=\"ti-star\" data-imgurl=\"https:\/\/cdn.trustindex.io\/assets\/platform\/Google\/star\/f.svg\" alt=\"Google\" width=\"17\" height=\"17\" loading=\"lazy\" ><\/trustindex-image><trustindex-image class=\"ti-star\" data-imgurl=\"https:\/\/cdn.trustindex.io\/assets\/platform\/Google\/star\/f.svg\" alt=\"Google\" width=\"17\" height=\"17\" loading=\"lazy\" ><\/trustindex-image><trustindex-image class=\"ti-star\" data-imgurl=\"https:\/\/cdn.trustindex.io\/assets\/platform\/Google\/star\/f.svg\" alt=\"Google\" width=\"17\" height=\"17\" loading=\"lazy\" ><\/trustindex-image> <\/span> <div class=\"ti-review-text-container ti-review-text\"><!-- R-CONTENT -->Korzystam z us\u0142ug Piotra oko\u0142o 10ciu lat.\nZawsze perfekcyjny serwis .\nGor\u0105co polecam.<!-- R-CONTENT --><\/div> <div class=\"ti-profile-details\"> <div class=\"ti-name\"> Thomas Timberman <\/div> <div class=\"ti-date\">8. Wrzesie\u0144, 2021.<\/div> <\/div> <\/div> <\/div> <\/div>  <div data-empty=\"0\" class=\"ti-review-item source-Google ti-image-layout-thumbnail\" data-id=\"cfcd208495d565ef66e7dff9f98764da\" > <div class=\"ti-close-button\" aria-label=\"Zamkn\u0105\u0107\" role=\"button\"><\/div> <div class=\"ti-inner\"> <div class=\"col-left\"> <div class=\"ti-review-header\"> <div class=\"ti-profile-img\"> <trustindex-image data-imgurl=\"https:\/\/lh3.googleusercontent.com\/a-\/ACNPEu-f72t6S1-t6PirbRHoFk_b31bXjP-8pPW0KVoTZQ=w40-h40-c-c-rp-w40-h40-mo-br100\" data-imgurlset=\"https:\/\/lh3.googleusercontent.com\/a-\/ACNPEu-f72t6S1-t6PirbRHoFk_b31bXjP-8pPW0KVoTZQ=w80-h80-c-c-rp-w80-h80-mo-br100 2x\" alt=\"Wojciech Kubala\u0144ca profile picture\" loading=\"lazy\" ><\/trustindex-image> <\/div> <\/div> <\/div> <div class=\"col-right\"> <span class=\"ti-stars\"> <div class=\"ti-platform-icon ti-with-tooltip\"> <span class=\"ti-tooltip\">Opublikowano na <\/span> <trustindex-image data-imgurl=\"https:\/\/cdn.trustindex.io\/assets\/platform\/Google\/icon.svg\" alt=\"\" width=\"20\" height=\"20\" loading=\"lazy\" ><\/trustindex-image> <\/div> <trustindex-image class=\"ti-star\" data-imgurl=\"https:\/\/cdn.trustindex.io\/assets\/platform\/Google\/star\/f.svg\" alt=\"Google\" width=\"17\" height=\"17\" loading=\"lazy\" ><\/trustindex-image><trustindex-image class=\"ti-star\" data-imgurl=\"https:\/\/cdn.trustindex.io\/assets\/platform\/Google\/star\/f.svg\" alt=\"Google\" width=\"17\" height=\"17\" loading=\"lazy\" ><\/trustindex-image><trustindex-image class=\"ti-star\" data-imgurl=\"https:\/\/cdn.trustindex.io\/assets\/platform\/Google\/star\/f.svg\" alt=\"Google\" width=\"17\" height=\"17\" loading=\"lazy\" ><\/trustindex-image><trustindex-image class=\"ti-star\" data-imgurl=\"https:\/\/cdn.trustindex.io\/assets\/platform\/Google\/star\/f.svg\" alt=\"Google\" width=\"17\" height=\"17\" loading=\"lazy\" ><\/trustindex-image><trustindex-image class=\"ti-star\" data-imgurl=\"https:\/\/cdn.trustindex.io\/assets\/platform\/Google\/star\/f.svg\" alt=\"Google\" width=\"17\" height=\"17\" loading=\"lazy\" ><\/trustindex-image> <\/span> <div class=\"ti-review-text-container ti-review-text\"><!-- R-CONTENT -->Fachowiec najwy\u017cszej klasy, serdecznie polecam<!-- R-CONTENT --><\/div> <div class=\"ti-profile-details\"> <div class=\"ti-name\"> Wojciech Kubala\u0144ca <\/div> <div class=\"ti-date\">8. Wrzesie\u0144, 2021.<\/div> <\/div> <\/div> <\/div> <\/div>  <\/div> <\/div> <\/div> <\/div> <\/template><\/pre><div data-src=\"https:\/\/cdn.trustindex.io\/loader.js?wp-widget\" data-template-id=\"trustindex-google-widget-html\" data-css-url=\"http:\/\/heltech.pl\/wp-content\/uploads\/trustindex-google-widget.css?1772384954\"><\/div>\n\n\n<figure class=\"wp-block-image size-large\"><img loading=\"lazy\" decoding=\"async\" width=\"1200\" height=\"425\" src=\"http:\/\/heltech.pl\/wp-content\/uploads\/2020\/02\/logo-1200x425.jpg\" alt=\"\" class=\"wp-image-500\" srcset=\"http:\/\/heltech.pl\/wp-content\/uploads\/2020\/02\/logo-1200x425.jpg 1200w, http:\/\/heltech.pl\/wp-content\/uploads\/2020\/02\/logo-744x264.jpg 744w, http:\/\/heltech.pl\/wp-content\/uploads\/2020\/02\/logo-420x149.jpg 420w, http:\/\/heltech.pl\/wp-content\/uploads\/2020\/02\/logo-768x272.jpg 768w, http:\/\/heltech.pl\/wp-content\/uploads\/2020\/02\/logo-1536x544.jpg 1536w, http:\/\/heltech.pl\/wp-content\/uploads\/2020\/02\/logo.jpg 2038w\" sizes=\"auto, (max-width: 1200px) 100vw, 1200px\" \/><\/figure>\n","protected":false},"excerpt":{"rendered":"<p>Heltech e-mail:info@heltech.pl Tel: 603510766 NIP:8881834777 REGON:910290746<\/p>\n","protected":false},"author":1,"featured_media":0,"parent":0,"menu_order":0,"comment_status":"closed","ping_status":"closed","template":"","meta":{"footnotes":""},"class_list":["post-35","page","type-page","status-publish","czr-hentry"],"_links":{"self":[{"href":"http:\/\/heltech.pl\/index.php?rest_route=\/wp\/v2\/pages\/35","targetHints":{"allow":["GET"]}}],"collection":[{"href":"http:\/\/heltech.pl\/index.php?rest_route=\/wp\/v2\/pages"}],"about":[{"href":"http:\/\/heltech.pl\/index.php?rest_route=\/wp\/v2\/types\/page"}],"author":[{"embeddable":true,"href":"http:\/\/heltech.pl\/index.php?rest_route=\/wp\/v2\/users\/1"}],"replies":[{"embeddable":true,"href":"http:\/\/heltech.pl\/index.php?rest_route=%2Fwp%2Fv2%2Fcomments&post=35"}],"version-history":[{"count":31,"href":"http:\/\/heltech.pl\/index.php?rest_route=\/wp\/v2\/pages\/35\/revisions"}],"predecessor-version":[{"id":593,"href":"http:\/\/heltech.pl\/index.php?rest_route=\/wp\/v2\/pages\/35\/revisions\/593"}],"wp:attachment":[{"href":"http:\/\/heltech.pl\/index.php?rest_route=%2Fwp%2Fv2%2Fmedia&parent=35"}],"curies":[{"name":"wp","href":"https:\/\/api.w.org\/{rel}","templated":true}]}}