{"id":45,"date":"2017-06-14T16:35:34","date_gmt":"2017-06-14T16:35:34","guid":{"rendered":"http:\/\/heltech.pl\/?page_id=45"},"modified":"2022-10-31T09:45:12","modified_gmt":"2022-10-31T09:45:12","slug":"monitoring-cctv","status":"publish","type":"page","link":"http:\/\/heltech.pl\/?page_id=45","title":{"rendered":"Monitoring Wizyjny CCTV"},"content":{"rendered":"<h3><a href=\"http:\/\/heltech.pl\/wp-content\/uploads\/2018\/05\/2.jpg\"><img loading=\"lazy\" decoding=\"async\" class=\"size-medium wp-image-266 aligncenter\" src=\"http:\/\/heltech.pl\/wp-content\/uploads\/2018\/05\/2-744x396.jpg\" alt=\"\" width=\"744\" height=\"396\" srcset=\"http:\/\/heltech.pl\/wp-content\/uploads\/2018\/05\/2-744x396.jpg 744w, http:\/\/heltech.pl\/wp-content\/uploads\/2018\/05\/2-420x223.jpg 420w, http:\/\/heltech.pl\/wp-content\/uploads\/2018\/05\/2-768x408.jpg 768w, http:\/\/heltech.pl\/wp-content\/uploads\/2018\/05\/2-1200x638.jpg 1200w\" sizes=\"auto, (max-width: 744px) 100vw, 744px\" \/><\/a><\/h3>\n<h3>Oferujemy Pa\u0144stwu profesjonalny monta\u017c i serwis system\u00f3w monitoringu wizyjnego CCTV, obs\u0142ugujemy sektor biznesowy i prywatny. Specjalizujemy si\u0119 w systemach HD-TVI, IP, AHD, HD-CVI a tak\u017ce systemach analogowych. Do realizacji ka\u017cdego projektu podchodzimy indywidualnie, aby zapewni\u0107 optymalne wykorzystanie posiadanych urz\u0105dze\u0144. W naszych systemach monitoringu, u\u017cywamy urz\u0105dzenia znanych producent\u00f3w takich jak, Hikvision, Dahua, BCS, Novus, ZXTech, Internec, MWPower itp.<\/h3>\n","protected":false},"excerpt":{"rendered":"<p>Oferujemy Pa\u0144stwu profesjonalny monta\u017c i serwis system\u00f3w monitoringu wizyjnego CCTV, obs\u0142ugujemy sektor biznesowy i prywatny. Specjalizujemy si\u0119 w systemach HD-TVI, IP, AHD, HD-CVI a tak\u017ce systemach analogowych. Do realizacji ka\u017cdego projektu podchodzimy indywidualnie, aby zapewni\u0107 optymalne wykorzystanie posiadanych urz\u0105dze\u0144. W naszych systemach monitoringu, u\u017cywamy urz\u0105dzenia znanych producent\u00f3w takich jak, Hikvision, Dahua, BCS, Novus, ZXTech, Internec, [&hellip;]<\/p>\n","protected":false},"author":1,"featured_media":0,"parent":0,"menu_order":0,"comment_status":"closed","ping_status":"closed","template":"","meta":{"footnotes":""},"class_list":["post-45","page","type-page","status-publish","czr-hentry"],"_links":{"self":[{"href":"http:\/\/heltech.pl\/index.php?rest_route=\/wp\/v2\/pages\/45","targetHints":{"allow":["GET"]}}],"collection":[{"href":"http:\/\/heltech.pl\/index.php?rest_route=\/wp\/v2\/pages"}],"about":[{"href":"http:\/\/heltech.pl\/index.php?rest_route=\/wp\/v2\/types\/page"}],"author":[{"embeddable":true,"href":"http:\/\/heltech.pl\/index.php?rest_route=\/wp\/v2\/users\/1"}],"replies":[{"embeddable":true,"href":"http:\/\/heltech.pl\/index.php?rest_route=%2Fwp%2Fv2%2Fcomments&post=45"}],"version-history":[{"count":49,"href":"http:\/\/heltech.pl\/index.php?rest_route=\/wp\/v2\/pages\/45\/revisions"}],"predecessor-version":[{"id":592,"href":"http:\/\/heltech.pl\/index.php?rest_route=\/wp\/v2\/pages\/45\/revisions\/592"}],"wp:attachment":[{"href":"http:\/\/heltech.pl\/index.php?rest_route=%2Fwp%2Fv2%2Fmedia&parent=45"}],"curies":[{"name":"wp","href":"https:\/\/api.w.org\/{rel}","templated":true}]}}