{"id":47,"date":"2017-06-14T16:35:59","date_gmt":"2017-06-14T16:35:59","guid":{"rendered":"http:\/\/heltech.pl\/?page_id=47"},"modified":"2019-03-13T10:31:25","modified_gmt":"2019-03-13T10:31:25","slug":"alarmy","status":"publish","type":"page","link":"http:\/\/heltech.pl\/?page_id=47","title":{"rendered":"Systemy Alarmowe SSWiN"},"content":{"rendered":"<p style=\"text-align: center;\"><a href=\"http:\/\/heltech.pl\/wp-content\/uploads\/2018\/05\/1.jpg\"><img loading=\"lazy\" decoding=\"async\" class=\"alignnone wp-image-265 size-medium\" src=\"http:\/\/heltech.pl\/wp-content\/uploads\/2018\/05\/1-744x396.jpg\" alt=\"\" width=\"744\" height=\"396\" srcset=\"http:\/\/heltech.pl\/wp-content\/uploads\/2018\/05\/1-744x396.jpg 744w, http:\/\/heltech.pl\/wp-content\/uploads\/2018\/05\/1-420x223.jpg 420w, http:\/\/heltech.pl\/wp-content\/uploads\/2018\/05\/1-768x408.jpg 768w, http:\/\/heltech.pl\/wp-content\/uploads\/2018\/05\/1-1200x638.jpg 1200w\" sizes=\"auto, (max-width: 744px) 100vw, 744px\" \/><\/a><\/p>\n<h3>Nasza firma od wielu lat specjalizuje si\u0119 w monta\u017cu system\u00f3w alarmowych, oferuj\u0105c klientom wy\u0142\u0105cznie sprz\u0119t najwy\u017cszej jako\u015bci takich firm jak Jablotron, Satel, Paradox, Visonic, DSC i inne. Dbamy r\u00f3wnie\u017c o profesjonalne wykonanie, doradztwo i wszelk\u0105 pomoc techniczn\u0105. Dok\u0142adamy najwi\u0119kszej staranno\u015bci, aby systemy alarmowe charakteryzowa\u0142y si\u0119 wysok\u0105 skuteczno\u015bci\u0105. W naszej ofercie znajduj\u0105 sie systemy przewodowe, bezprzewodowe a tak\u017ce sysytemy hybrydowe &#8211; \u0142acz\u0105ce w sobie system przewodwy i bezprzewodowy. Je\u017celi potrzebujesz profesjonalnej obs\u0142ugi , kt\u00f3rej mo\u017cesz zaufa\u0107, skontaktuj si\u0119 z nami!<\/h3>\n<div id=\"g1-divider-1\" class=\"g1-divider g1-divider--none g1-divider--noicon red-dividier\"><\/div>\n","protected":false},"excerpt":{"rendered":"<p>Nasza firma od wielu lat specjalizuje si\u0119 w monta\u017cu system\u00f3w alarmowych, oferuj\u0105c klientom wy\u0142\u0105cznie sprz\u0119t najwy\u017cszej jako\u015bci takich firm jak Jablotron, Satel, Paradox, Visonic, DSC i inne. Dbamy r\u00f3wnie\u017c o profesjonalne wykonanie, doradztwo i wszelk\u0105 pomoc techniczn\u0105. Dok\u0142adamy najwi\u0119kszej staranno\u015bci, aby systemy alarmowe charakteryzowa\u0142y si\u0119 wysok\u0105 skuteczno\u015bci\u0105. W naszej ofercie znajduj\u0105 sie systemy przewodowe, bezprzewodowe [&hellip;]<\/p>\n","protected":false},"author":1,"featured_media":265,"parent":0,"menu_order":0,"comment_status":"closed","ping_status":"closed","template":"","meta":{"footnotes":""},"class_list":["post-47","page","type-page","status-publish","has-post-thumbnail","czr-hentry"],"_links":{"self":[{"href":"http:\/\/heltech.pl\/index.php?rest_route=\/wp\/v2\/pages\/47","targetHints":{"allow":["GET"]}}],"collection":[{"href":"http:\/\/heltech.pl\/index.php?rest_route=\/wp\/v2\/pages"}],"about":[{"href":"http:\/\/heltech.pl\/index.php?rest_route=\/wp\/v2\/types\/page"}],"author":[{"embeddable":true,"href":"http:\/\/heltech.pl\/index.php?rest_route=\/wp\/v2\/users\/1"}],"replies":[{"embeddable":true,"href":"http:\/\/heltech.pl\/index.php?rest_route=%2Fwp%2Fv2%2Fcomments&post=47"}],"version-history":[{"count":12,"href":"http:\/\/heltech.pl\/index.php?rest_route=\/wp\/v2\/pages\/47\/revisions"}],"predecessor-version":[{"id":436,"href":"http:\/\/heltech.pl\/index.php?rest_route=\/wp\/v2\/pages\/47\/revisions\/436"}],"wp:featuredmedia":[{"embeddable":true,"href":"http:\/\/heltech.pl\/index.php?rest_route=\/wp\/v2\/media\/265"}],"wp:attachment":[{"href":"http:\/\/heltech.pl\/index.php?rest_route=%2Fwp%2Fv2%2Fmedia&parent=47"}],"curies":[{"name":"wp","href":"https:\/\/api.w.org\/{rel}","templated":true}]}}