{"id":59,"date":"2017-06-15T19:32:47","date_gmt":"2017-06-15T19:32:47","guid":{"rendered":"http:\/\/heltech.pl\/?page_id=59"},"modified":"2018-09-21T19:13:07","modified_gmt":"2018-09-21T19:13:07","slug":"inne-uslugi","status":"publish","type":"page","link":"http:\/\/heltech.pl\/?page_id=59","title":{"rendered":"Inne Us\u0142ugi"},"content":{"rendered":"<h3 style=\"text-align: center;\"><a href=\"http:\/\/heltech.pl\/wp-content\/uploads\/2018\/05\/3.jpg\"><img loading=\"lazy\" decoding=\"async\" class=\"alignnone size-medium wp-image-267\" src=\"http:\/\/heltech.pl\/wp-content\/uploads\/2018\/05\/3-744x396.jpg\" alt=\"\" width=\"744\" height=\"396\" srcset=\"http:\/\/heltech.pl\/wp-content\/uploads\/2018\/05\/3-744x396.jpg 744w, http:\/\/heltech.pl\/wp-content\/uploads\/2018\/05\/3-420x223.jpg 420w, http:\/\/heltech.pl\/wp-content\/uploads\/2018\/05\/3-768x408.jpg 768w, http:\/\/heltech.pl\/wp-content\/uploads\/2018\/05\/3-1200x638.jpg 1200w\" sizes=\"auto, (max-width: 744px) 100vw, 744px\" \/><\/a><\/h3>\n<h3><strong>W naszej ofercie tak\u017ce instalacje i serwis:<\/strong><\/h3>\n<h3>Automatyki domowej &#8222;inteligentne domy&#8221;<\/h3>\n<h3>Domofon\u00f3w i wideodomofon\u00f3w<\/h3>\n<h3>System\u00f3w multimiedialnych<\/h3>\n<h3>System\u00f3w kina domowego<\/h3>\n<h3>Telewizor\u00f3w<\/h3>\n<h3>Projektor\u00f3w<\/h3>\n<p>&nbsp;<\/p>\n","protected":false},"excerpt":{"rendered":"<p>W naszej ofercie tak\u017ce instalacje i serwis: Automatyki domowej &#8222;inteligentne domy&#8221; Domofon\u00f3w i wideodomofon\u00f3w System\u00f3w multimiedialnych System\u00f3w kina domowego Telewizor\u00f3w Projektor\u00f3w &nbsp;<\/p>\n","protected":false},"author":1,"featured_media":267,"parent":0,"menu_order":0,"comment_status":"closed","ping_status":"closed","template":"","meta":{"footnotes":""},"class_list":["post-59","page","type-page","status-publish","has-post-thumbnail","czr-hentry"],"_links":{"self":[{"href":"http:\/\/heltech.pl\/index.php?rest_route=\/wp\/v2\/pages\/59","targetHints":{"allow":["GET"]}}],"collection":[{"href":"http:\/\/heltech.pl\/index.php?rest_route=\/wp\/v2\/pages"}],"about":[{"href":"http:\/\/heltech.pl\/index.php?rest_route=\/wp\/v2\/types\/page"}],"author":[{"embeddable":true,"href":"http:\/\/heltech.pl\/index.php?rest_route=\/wp\/v2\/users\/1"}],"replies":[{"embeddable":true,"href":"http:\/\/heltech.pl\/index.php?rest_route=%2Fwp%2Fv2%2Fcomments&post=59"}],"version-history":[{"count":17,"href":"http:\/\/heltech.pl\/index.php?rest_route=\/wp\/v2\/pages\/59\/revisions"}],"predecessor-version":[{"id":420,"href":"http:\/\/heltech.pl\/index.php?rest_route=\/wp\/v2\/pages\/59\/revisions\/420"}],"wp:featuredmedia":[{"embeddable":true,"href":"http:\/\/heltech.pl\/index.php?rest_route=\/wp\/v2\/media\/267"}],"wp:attachment":[{"href":"http:\/\/heltech.pl\/index.php?rest_route=%2Fwp%2Fv2%2Fmedia&parent=59"}],"curies":[{"name":"wp","href":"https:\/\/api.w.org\/{rel}","templated":true}]}}