{"id":646,"date":"2024-11-07T22:21:27","date_gmt":"2024-11-07T22:21:27","guid":{"rendered":"http:\/\/heltech.pl\/?page_id=646"},"modified":"2025-10-21T07:38:09","modified_gmt":"2025-10-21T07:38:09","slug":"zaufali-nam-2","status":"publish","type":"page","link":"http:\/\/heltech.pl\/?page_id=646","title":{"rendered":"Zaufali nam"},"content":{"rendered":"<div class=\"wp-block-image\">\n<figure class=\"aligncenter size-large is-resized\"><a href=\"http:\/\/heltech.pl\/wp-content\/uploads\/2024\/11\/Handshakeb-nn.png\"><img loading=\"lazy\" decoding=\"async\" width=\"1200\" height=\"623\" src=\"http:\/\/heltech.pl\/wp-content\/uploads\/2024\/11\/Handshakeb-nn-1200x623.png\" alt=\"\" class=\"wp-image-651\" style=\"width:661px;height:auto\" srcset=\"http:\/\/heltech.pl\/wp-content\/uploads\/2024\/11\/Handshakeb-nn-1200x623.png 1200w, http:\/\/heltech.pl\/wp-content\/uploads\/2024\/11\/Handshakeb-nn-744x386.png 744w, http:\/\/heltech.pl\/wp-content\/uploads\/2024\/11\/Handshakeb-nn-420x218.png 420w, http:\/\/heltech.pl\/wp-content\/uploads\/2024\/11\/Handshakeb-nn-768x399.png 768w, http:\/\/heltech.pl\/wp-content\/uploads\/2024\/11\/Handshakeb-nn-1536x798.png 1536w, http:\/\/heltech.pl\/wp-content\/uploads\/2024\/11\/Handshakeb-nn.png 1540w\" sizes=\"auto, (max-width: 1200px) 100vw, 1200px\" \/><\/a><\/figure>\n<\/div>\n\n\n<ul class=\"wp-block-list\">\n<li>DrM Polska<\/li>\n\n\n\n<li>Pa\u0142ac Bursztynowy<\/li>\n\n\n\n<li>Uzdrowisko Wieniec-Zdr\u00f3j<\/li>\n\n\n\n<li>Wytw\u00f3rnia Wody Selenka<\/li>\n\n\n\n<li>Budizol<\/li>\n\n\n\n<li>Renault W\u0142oc\u0142awek Adamowscy Group<\/li>\n\n\n\n<li>Zio\u0142tex<\/li>\n\n\n\n<li>FILAR FIJA\u0141KOWSKI Sp.K. Fabryka Papier\u00f3w Higienicznych<\/li>\n\n\n\n<li>JOYFOOD W\u0142oc\u0142awek<\/li>\n\n\n\n<li>Zbig-Spaw<\/li>\n\n\n\n<li>E.M.Eco-Trans<\/li>\n\n\n\n<li>ALFA Centrum Ogrodnicze<\/li>\n\n\n\n<li>Parking Spo\u0142eczny nr.5<\/li>\n\n\n\n<li>NordPol B\u0105dkowo<\/li>\n\n\n\n<li>Wsp\u00f3lnota Mieszkaniowa Cienista <\/li>\n\n\n\n<li>Wsp\u00f3lnota Mieszkaniowa Celulozowa <\/li>\n\n\n\n<li>Wsp\u00f3lnota Mieszkaniowa Parkowa <\/li>\n\n\n\n<li>Eko-Automatyka <\/li>\n\n\n\n<li>Myjnia Brze\u015b\u0107 Kujawski<\/li>\n\n\n\n<li>Krajowa Grupa Spo\u017cywcza S.A <\/li>\n\n\n\n<li>Wulkanizacja i Serwis Opon Cicha <\/li>\n\n\n\n<li>TK Meble <\/li>\n\n\n\n<li>\u017babka Lubie\u0144 Kujawski<\/li>\n\n\n\n<li>Klub Nocny \u017bAR<\/li>\n\n\n\n<li>Orto- Dent<\/li>\n\n\n\n<li>Myjnia Kowal<\/li>\n\n\n\n<li>TROPS W\u0142oc\u0142awek<\/li>\n\n\n\n<li>AMC &#8211; Auto Moto Centrum<\/li>\n\n\n\n<li>EColor- Lubanie<\/li>\n\n\n\n<li>ROD Mi\u015a <\/li>\n\n\n\n<li>Zesp\u00f3\u0142 Szkolno-Przedszkolny w B\u0105dkowie<\/li>\n\n\n\n<li>Wsp\u00f3lnota Mieszkaniowa P.O.W.<\/li>\n\n\n\n<li>\u017babka Gostynin<\/li>\n\n\n\n<li>\u017babka Strzelce<\/li>\n\n\n\n<li>DPS W\u0142oc\u0142awek<\/li>\n<\/ul>\n\n\n\n<p><\/p>\n","protected":false},"excerpt":{"rendered":"","protected":false},"author":1,"featured_media":0,"parent":0,"menu_order":0,"comment_status":"closed","ping_status":"closed","template":"","meta":{"footnotes":""},"class_list":["post-646","page","type-page","status-publish","czr-hentry"],"_links":{"self":[{"href":"http:\/\/heltech.pl\/index.php?rest_route=\/wp\/v2\/pages\/646","targetHints":{"allow":["GET"]}}],"collection":[{"href":"http:\/\/heltech.pl\/index.php?rest_route=\/wp\/v2\/pages"}],"about":[{"href":"http:\/\/heltech.pl\/index.php?rest_route=\/wp\/v2\/types\/page"}],"author":[{"embeddable":true,"href":"http:\/\/heltech.pl\/index.php?rest_route=\/wp\/v2\/users\/1"}],"replies":[{"embeddable":true,"href":"http:\/\/heltech.pl\/index.php?rest_route=%2Fwp%2Fv2%2Fcomments&post=646"}],"version-history":[{"count":23,"href":"http:\/\/heltech.pl\/index.php?rest_route=\/wp\/v2\/pages\/646\/revisions"}],"predecessor-version":[{"id":715,"href":"http:\/\/heltech.pl\/index.php?rest_route=\/wp\/v2\/pages\/646\/revisions\/715"}],"wp:attachment":[{"href":"http:\/\/heltech.pl\/index.php?rest_route=%2Fwp%2Fv2%2Fmedia&parent=646"}],"curies":[{"name":"wp","href":"https:\/\/api.w.org\/{rel}","templated":true}]}}